{"id":70,"date":"2017-09-05T10:37:37","date_gmt":"2017-09-05T07:36:27","guid":{"rendered":"https:\/\/europorssi.com\/?page_id=70&#038;lang=en"},"modified":"2026-03-20T09:21:19","modified_gmt":"2026-03-20T07:21:19","slug":"publishing-information","status":"publish","type":"page","link":"https:\/\/europorssi.com\/en\/publishing-information\/","title":{"rendered":"Publishing Information"},"content":{"rendered":"\n<div class=\"wp-block-columns is-layout-flex wp-container-core-columns-is-layout-9d6595d7 wp-block-columns-is-layout-flex\">\n<div class=\"wp-block-column is-layout-flow wp-block-column-is-layout-flow\" style=\"flex-basis:71.4%\">\n<h3 class=\"wp-block-heading\">Publisher<\/h3>\n\n\n\n<p>Publisher: Oy Faktavisa Ab Editorial Office: Europ\u00f6rssi Editor-in-chief: Petri Kuhlman Layout: Sirkku Kyl\u00e4-Nikkil\u00e4<\/p>\n\n\n\n<h3 class=\"wp-block-heading\">Technical Data<\/h3>\n\n\n\n<p>Format: A4, 210 x 297 mm Printing area: 185 x 265 mm Column width: 43 mm, 4&nbsp;columns Printing method: Heatset rotation Raster density:&nbsp;48 lines, 4-colour 54-60 lines Printing House: Punamusta Oy, Tampere, Finland Binding:&nbsp;Stapling Distribution total 90 000:<\/p>\n\n\n\n<ul class=\"wp-block-list\">\n<li>Paper issue&nbsp;50 000&nbsp;copies<\/li>\n\n\n\n<li>Digital version 40 000&nbsp;copies<\/li>\n<\/ul>\n<\/div>\n\n\n\n<div class=\"wp-block-column is-layout-flow wp-block-column-is-layout-flow\"><div id=\"europ-2145673090\"><a data-no-instant=\"1\" href=\"https:\/\/batrading.se\/enEN\/\" rel=\"noopener\" class=\"a2t-link\" target=\"_blank\" aria-label=\"BA-trading_banner\"><img loading=\"lazy\" decoding=\"async\" src=\"https:\/\/europorssi.com\/wp-content\/uploads\/2025\/05\/BA-trading_bannerit_0825_260_x_500.gif\" alt=\"BA-trading_banner\"  width=\"260\" height=\"500\"   \/><\/a><\/div><\/div>\n<\/div>\n","protected":false},"excerpt":{"rendered":"<p>Publisher Publisher: Oy Faktavisa Ab Editorial Office: Europ\u00f6rssi Editor-in-chief: Petri Kuhlman Layout: Sirkku Kyl\u00e4-Nikkil\u00e4 Technical Data Format: A4, 210 x 297 mm Printing area: 185 x 265 mm Column width: 43 mm, 4&nbsp;columns Printing method: Heatset rotation Raster density:&nbsp;48 lines, 4-colour 54-60 lines Printing House: Punamusta Oy, Tampere, Finland Binding:&nbsp;Stapling Distribution total 90 000:<\/p>\n","protected":false},"author":1,"featured_media":0,"parent":0,"menu_order":0,"comment_status":"closed","ping_status":"closed","template":"","meta":{"_acf_changed":false,"footnotes":""},"class_list":["post-70","page","type-page","status-publish","hentry"],"acf":[],"aioseo_notices":[],"_links":{"self":[{"href":"https:\/\/europorssi.com\/en\/wp-json\/wp\/v2\/pages\/70","targetHints":{"allow":["GET"]}}],"collection":[{"href":"https:\/\/europorssi.com\/en\/wp-json\/wp\/v2\/pages"}],"about":[{"href":"https:\/\/europorssi.com\/en\/wp-json\/wp\/v2\/types\/page"}],"author":[{"embeddable":true,"href":"https:\/\/europorssi.com\/en\/wp-json\/wp\/v2\/users\/1"}],"replies":[{"embeddable":true,"href":"https:\/\/europorssi.com\/en\/wp-json\/wp\/v2\/comments?post=70"}],"version-history":[{"count":12,"href":"https:\/\/europorssi.com\/en\/wp-json\/wp\/v2\/pages\/70\/revisions"}],"predecessor-version":[{"id":19034,"href":"https:\/\/europorssi.com\/en\/wp-json\/wp\/v2\/pages\/70\/revisions\/19034"}],"wp:attachment":[{"href":"https:\/\/europorssi.com\/en\/wp-json\/wp\/v2\/media?parent=70"}],"curies":[{"name":"wp","href":"https:\/\/api.w.org\/{rel}","templated":true}]}}